{"id":4542,"date":"2021-05-18T11:39:48","date_gmt":"2021-05-18T11:39:48","guid":{"rendered":"https:\/\/coolnova.no\/?page_id=4542"},"modified":"2023-06-08T07:33:22","modified_gmt":"2023-06-08T07:33:22","slug":"test","status":"publish","type":"page","link":"https:\/\/coolnova.no\/no\/test\/","title":{"rendered":"Test"},"content":{"rendered":"<div data-elementor-type=\"wp-page\" data-elementor-id=\"4542\" class=\"elementor elementor-4542\">\n\t\t\t\t\t\t\t\t\t<section class=\"elementor-section elementor-top-section elementor-element elementor-element-69a8ed95 elementor-section-content-middle elementor-reverse-mobile elementor-section-boxed elementor-section-height-default elementor-section-height-default\" data-id=\"69a8ed95\" data-element_type=\"section\">\n\t\t\t\t\t\t<div class=\"elementor-container elementor-column-gap-no\">\n\t\t\t\t\t<div class=\"elementor-column elementor-col-50 elementor-top-column elementor-element elementor-element-38f46065\" data-id=\"38f46065\" data-element_type=\"column\">\n\t\t\t<div class=\"elementor-widget-wrap elementor-element-populated\">\n\t\t\t\t\t\t\t\t<div class=\"elementor-element elementor-element-294ef3b5 elementor-widget elementor-widget-heading\" data-id=\"294ef3b5\" data-element_type=\"widget\" data-widget_type=\"heading.default\">\n\t\t\t\t<div class=\"elementor-widget-container\">\n\t\t\t<h4 class=\"elementor-heading-title elementor-size-default\">Vi setter det p\u00e5 pr\u00f8ve<\/h4>\t\t<\/div>\n\t\t\t\t<\/div>\n\t\t\t\t<div class=\"elementor-element elementor-element-4d01164c elementor-widget elementor-widget-text-editor\" data-id=\"4d01164c\" data-element_type=\"widget\" data-widget_type=\"text-editor.default\">\n\t\t\t\t<div class=\"elementor-widget-container\">\n\t\t\t\t\t\t\t<h3>Ekspert test av tint laks for topp-kokker i Paris<\/h3>\t\t\t\t\t\t<\/div>\n\t\t\t\t<\/div>\n\t\t\t\t\t<\/div>\n\t\t<\/div>\n\t\t\t\t<div class=\"elementor-column elementor-col-50 elementor-top-column elementor-element elementor-element-69d33604\" data-id=\"69d33604\" data-element_type=\"column\">\n\t\t\t<div class=\"elementor-widget-wrap elementor-element-populated\">\n\t\t\t\t\t\t\t\t<div class=\"elementor-element elementor-element-1d7a8640 elementor-widget elementor-widget-image\" data-id=\"1d7a8640\" data-element_type=\"widget\" data-widget_type=\"image.default\">\n\t\t\t\t<div class=\"elementor-widget-container\">\n\t\t\t\t\t\t\t\t\t\t\t\t\t\t\t<img loading=\"lazy\" decoding=\"async\" width=\"817\" height=\"430\" src=\"https:\/\/coolnova.no\/wp-content\/uploads\/2021\/05\/kokk2-1.jpg\" class=\"attachment-full size-full wp-image-4545\" alt=\"\" srcset=\"https:\/\/coolnova.no\/wp-content\/uploads\/2021\/05\/kokk2-1.jpg 817w, https:\/\/coolnova.no\/wp-content\/uploads\/2021\/05\/kokk2-1-300x158.jpg 300w, https:\/\/coolnova.no\/wp-content\/uploads\/2021\/05\/kokk2-1-768x404.jpg 768w, https:\/\/coolnova.no\/wp-content\/uploads\/2021\/05\/kokk2-1-600x316.jpg 600w\" sizes=\"auto, (max-width: 817px) 100vw, 817px\" \/>\t\t\t\t\t\t\t\t\t\t\t\t\t\t\t<\/div>\n\t\t\t\t<\/div>\n\t\t\t\t\t<\/div>\n\t\t<\/div>\n\t\t\t\t\t\t\t<\/div>\n\t\t<\/section>\n\t\t\t\t<section class=\"elementor-section elementor-top-section elementor-element elementor-element-dcafc9e elementor-section-boxed elementor-section-height-default elementor-section-height-default\" data-id=\"dcafc9e\" data-element_type=\"section\">\n\t\t\t\t\t\t<div class=\"elementor-container elementor-column-gap-default\">\n\t\t\t\t\t<div class=\"elementor-column elementor-col-100 elementor-top-column elementor-element elementor-element-ba80b63\" data-id=\"ba80b63\" data-element_type=\"column\">\n\t\t\t<div class=\"elementor-widget-wrap elementor-element-populated\">\n\t\t\t\t\t\t\t\t<div class=\"elementor-element elementor-element-b7d1e7a elementor-widget elementor-widget-text-editor\" data-id=\"b7d1e7a\" data-element_type=\"widget\" data-widget_type=\"text-editor.default\">\n\t\t\t\t<div class=\"elementor-widget-container\">\n\t\t\t\t\t\t\t<h4>Testpanelet<\/h4><p>Et smaks-testpanel ble arrangert av sj\u00f8matgrossistselskapet Armara i restauranten L\u2019Olivier p\u00e5 fiskemarkedet Rungis i Paris. Testpanelet besto av seks kjente kokker fra Armara\u2019s liste av kunder, som er blant de beste restaurantene i Paris, og tre andre eksperter i vurdering av sj\u00f8matskvalitet.<\/p><h4><br \/>Konklusjon<\/h4><p>Den ferske kvaliteten av Coolnova \u00ae tint sj\u00f8mat var betydelig mer overlegen sammenlignet med den fersk-kj\u00f8lte fisken som hadde blitt lagret opp til syv dager p\u00e5 is (se tabell).<\/p><p>Pr\u00f8vene til testen var laksefilet (tidligere vakumpakket f\u00f8r innfrysning) og torskeloins pakket ut av plasten og tint i et Coolnova \u00ae kabinett. Pr\u00f8vetestene fra Coolnova ble sammenlignet med lik fersk og ufrossene fileter som normalt f\u00e5s p\u00e5 Rungis markedet.<\/p><p>P\u00e5 en skala fra 1 til 5, ga testpanelet den Coolnova \u00ae tinte fersk-frossne fisken en gjennomsnittlig totalintykk p\u00e5 3.72 p\u00e5 laks, sammenlignet med den fersk-kj\u00f8lte ufrossne laksen en gjennomsnittlig score p\u00e5 3.39. For torsk var den gjennomsnittlige totalscoren 3.89 for Coolnova \u00ae sammenlignet med den fersk-kj\u00f8lte ufrossne torsken\u2019s score p\u00e5 3.28. Den fersk-frossne og Coolnova \u00ae tinte fisken var betraktet som overlegen mot den ferske (ufrossne) fisken som hadde blitt lagret opp til 7 dager p\u00e5 is.<\/p><p>\u00a0<\/p><h4>Armara\u2019s komersielle erfaring med Coolnova \u00ae tining<\/h4><p>2013-2015: Opererer et 800L kabinet for torsk, sj\u00f8krep, sj\u00f8tunge ++ for topp restauranter i Paris.<br \/>2015: Ekspanderer produksjonen med installasjon av nye 3000L kabinetter. Fokus p\u00e5 torskeloins og sj\u00f8kreps for restauranter.<\/p>\t\t\t\t\t\t<\/div>\n\t\t\t\t<\/div>\n\t\t\t\t\t<\/div>\n\t\t<\/div>\n\t\t\t\t\t\t\t<\/div>\n\t\t<\/section>\n\t\t\t\t<section class=\"elementor-section elementor-top-section elementor-element elementor-element-6a5a2599 elementor-section-content-middle elementor-section-boxed elementor-section-height-default elementor-section-height-default\" data-id=\"6a5a2599\" data-element_type=\"section\">\n\t\t\t\t\t\t<div class=\"elementor-container elementor-column-gap-no\">\n\t\t\t\t\t<div class=\"elementor-column elementor-col-50 elementor-top-column elementor-element elementor-element-6ba84030\" data-id=\"6ba84030\" data-element_type=\"column\">\n\t\t\t<div class=\"elementor-widget-wrap elementor-element-populated\">\n\t\t\t\t\t\t\t\t<div class=\"elementor-element elementor-element-6b6ce1d7 elementor-widget elementor-widget-heading\" data-id=\"6b6ce1d7\" data-element_type=\"widget\" data-widget_type=\"heading.default\">\n\t\t\t\t<div class=\"elementor-widget-container\">\n\t\t\t<h3 class=\"elementor-heading-title elementor-size-default\">Demonstrasjon<\/h3>\t\t<\/div>\n\t\t\t\t<\/div>\n\t\t\t\t<div class=\"elementor-element elementor-element-102982b5 elementor-widget elementor-widget-text-editor\" data-id=\"102982b5\" data-element_type=\"widget\" data-widget_type=\"text-editor.default\">\n\t\t\t\t<div class=\"elementor-widget-container\">\n\t\t\t\t\t\t\t<p>Demonstrasjon og test under en tidlig fase av utvikling av Coolnovas tine-enheter i 2013.<\/p>\t\t\t\t\t\t<\/div>\n\t\t\t\t<\/div>\n\t\t\t\t\t<\/div>\n\t\t<\/div>\n\t\t\t\t<div class=\"elementor-column elementor-col-50 elementor-top-column elementor-element elementor-element-5dc5b8f2\" data-id=\"5dc5b8f2\" data-element_type=\"column\">\n\t\t\t<div class=\"elementor-widget-wrap elementor-element-populated\">\n\t\t\t\t\t\t\t\t<div class=\"elementor-element elementor-element-3c78eb0f elementor-widget elementor-widget-video\" data-id=\"3c78eb0f\" data-element_type=\"widget\" data-settings=\"{&quot;youtube_url&quot;:&quot;https:\\\/\\\/www.youtube.com\\\/watch?v=XONx_MvidcM&amp;t=12s&quot;,&quot;video_type&quot;:&quot;youtube&quot;,&quot;controls&quot;:&quot;yes&quot;}\" data-widget_type=\"video.default\">\n\t\t\t\t<div class=\"elementor-widget-container\">\n\t\t\t\t\t<div class=\"elementor-wrapper elementor-open-inline\">\n\t\t\t<div class=\"elementor-video\"><\/div>\t\t<\/div>\n\t\t\t\t<\/div>\n\t\t\t\t<\/div>\n\t\t\t\t\t<\/div>\n\t\t<\/div>\n\t\t\t\t\t\t\t<\/div>\n\t\t<\/section>\n\t\t\t\t<section class=\"elementor-section elementor-top-section elementor-element elementor-element-41cf30e0 elementor-section-content-middle elementor-section-boxed elementor-section-height-default elementor-section-height-default\" data-id=\"41cf30e0\" data-element_type=\"section\">\n\t\t\t\t\t\t<div class=\"elementor-container elementor-column-gap-no\">\n\t\t\t\t\t<div class=\"elementor-column elementor-col-50 elementor-top-column elementor-element elementor-element-1bab57c1\" data-id=\"1bab57c1\" data-element_type=\"column\">\n\t\t\t<div class=\"elementor-widget-wrap elementor-element-populated\">\n\t\t\t\t\t\t\t\t<div class=\"elementor-element elementor-element-54d53a0c elementor-widget elementor-widget-image\" data-id=\"54d53a0c\" data-element_type=\"widget\" data-widget_type=\"image.default\">\n\t\t\t\t<div class=\"elementor-widget-container\">\n\t\t\t\t\t\t\t\t\t\t\t\t\t\t\t<img loading=\"lazy\" decoding=\"async\" width=\"833\" height=\"593\" src=\"https:\/\/coolnova.no\/wp-content\/uploads\/2021\/05\/kokk1.jpg\" class=\"attachment-full size-full wp-image-4553\" alt=\"\" srcset=\"https:\/\/coolnova.no\/wp-content\/uploads\/2021\/05\/kokk1.jpg 833w, https:\/\/coolnova.no\/wp-content\/uploads\/2021\/05\/kokk1-300x214.jpg 300w, https:\/\/coolnova.no\/wp-content\/uploads\/2021\/05\/kokk1-768x547.jpg 768w, https:\/\/coolnova.no\/wp-content\/uploads\/2021\/05\/kokk1-600x427.jpg 600w\" sizes=\"auto, (max-width: 833px) 100vw, 833px\" \/>\t\t\t\t\t\t\t\t\t\t\t\t\t\t\t<\/div>\n\t\t\t\t<\/div>\n\t\t\t\t\t<\/div>\n\t\t<\/div>\n\t\t\t\t<div class=\"elementor-column elementor-col-50 elementor-top-column elementor-element elementor-element-30826ddc\" data-id=\"30826ddc\" data-element_type=\"column\">\n\t\t\t<div class=\"elementor-widget-wrap elementor-element-populated\">\n\t\t\t\t\t\t\t\t<div class=\"elementor-element elementor-element-15da00ee elementor-widget elementor-widget-heading\" data-id=\"15da00ee\" data-element_type=\"widget\" data-widget_type=\"heading.default\">\n\t\t\t\t<div class=\"elementor-widget-container\">\n\t\t\t<h3 class=\"elementor-heading-title elementor-size-default\">Sjekk ogs\u00e5 ut...<\/h3>\t\t<\/div>\n\t\t\t\t<\/div>\n\t\t\t\t<div class=\"elementor-element elementor-element-365c50c0 elementor-widget elementor-widget-text-editor\" data-id=\"365c50c0\" data-element_type=\"widget\" data-widget_type=\"text-editor.default\">\n\t\t\t\t<div class=\"elementor-widget-container\">\n\t\t\t\t\t\t\t<p>V\u00e5r <strong><a href=\"https:\/\/coolnova.no\/no\/technology\/#downloads\">nedlastbare PDFs<\/a><\/strong> med vitenskapelige argumenter, tekniske spesifikasjoner og industrielle muligheter.<\/p>\t\t\t\t\t\t<\/div>\n\t\t\t\t<\/div>\n\t\t\t\t\t<\/div>\n\t\t<\/div>\n\t\t\t\t\t\t\t<\/div>\n\t\t<\/section>\n\t\t\t\t\t\t\t<\/div>","protected":false},"excerpt":{"rendered":"<p>We put it to the test Expert test of refreshed salmon for top chefs in Paris Test panel A taste test panel was organized by the seafood wholesaler company Armara in the restaurant L\u2019Olivier at the Rungis fish market in Paris. The test panel was composed of six well-known chefs from Armara\u2019s list of costumers, &hellip;<\/p>\n<p class=\"read-more\"> <a class=\"\" href=\"https:\/\/coolnova.no\/no\/test\/\"> <span class=\"screen-reader-text\">Test<\/span> Read More &raquo;<\/a><\/p>","protected":false},"author":1,"featured_media":0,"parent":0,"menu_order":0,"comment_status":"closed","ping_status":"closed","template":"","meta":{"site-sidebar-layout":"no-sidebar","site-content-layout":"page-builder","ast-global-header-display":"","ast-main-header-display":"","ast-hfb-above-header-display":"","ast-hfb-below-header-display":"","ast-hfb-mobile-header-display":"","site-post-title":"disabled","ast-breadcrumbs-content":"","ast-featured-img":"disabled","footer-sml-layout":"","theme-transparent-header-meta":"default","adv-header-id-meta":"","stick-header-meta":"","header-above-stick-meta":"","header-main-stick-meta":"","header-below-stick-meta":"","footnotes":""},"class_list":["post-4542","page","type-page","status-publish","hentry"],"_links":{"self":[{"href":"https:\/\/coolnova.no\/no\/wp-json\/wp\/v2\/pages\/4542","targetHints":{"allow":["GET"]}}],"collection":[{"href":"https:\/\/coolnova.no\/no\/wp-json\/wp\/v2\/pages"}],"about":[{"href":"https:\/\/coolnova.no\/no\/wp-json\/wp\/v2\/types\/page"}],"author":[{"embeddable":true,"href":"https:\/\/coolnova.no\/no\/wp-json\/wp\/v2\/users\/1"}],"replies":[{"embeddable":true,"href":"https:\/\/coolnova.no\/no\/wp-json\/wp\/v2\/comments?post=4542"}],"version-history":[{"count":55,"href":"https:\/\/coolnova.no\/no\/wp-json\/wp\/v2\/pages\/4542\/revisions"}],"predecessor-version":[{"id":5123,"href":"https:\/\/coolnova.no\/no\/wp-json\/wp\/v2\/pages\/4542\/revisions\/5123"}],"wp:attachment":[{"href":"https:\/\/coolnova.no\/no\/wp-json\/wp\/v2\/media?parent=4542"}],"curies":[{"name":"wp","href":"https:\/\/api.w.org\/{rel}","templated":true}]}}