{"id":4581,"date":"2021-05-18T13:14:49","date_gmt":"2021-05-18T13:14:49","guid":{"rendered":"https:\/\/coolnova.no\/?page_id=4581"},"modified":"2024-01-19T10:47:23","modified_gmt":"2024-01-19T10:47:23","slug":"about-technology","status":"publish","type":"page","link":"https:\/\/coolnova.no\/no\/about-technology\/","title":{"rendered":"Om teknologi"},"content":{"rendered":"<div data-elementor-type=\"wp-page\" data-elementor-id=\"4581\" class=\"elementor elementor-4581\">\n\t\t\t\t\t\t\t\t\t<section class=\"elementor-section elementor-top-section elementor-element elementor-element-6b9e7e0d elementor-section-content-middle elementor-section-boxed elementor-section-height-default elementor-section-height-default\" data-id=\"6b9e7e0d\" data-element_type=\"section\">\n\t\t\t\t\t\t<div class=\"elementor-container elementor-column-gap-no\">\n\t\t\t\t\t<div class=\"elementor-column elementor-col-100 elementor-top-column elementor-element elementor-element-290491b1\" data-id=\"290491b1\" data-element_type=\"column\">\n\t\t\t<div class=\"elementor-widget-wrap elementor-element-populated\">\n\t\t\t\t\t\t\t\t\t<\/div>\n\t\t<\/div>\n\t\t\t\t\t\t\t<\/div>\n\t\t<\/section>\n\t\t\t\t<section class=\"elementor-section elementor-top-section elementor-element elementor-element-b5afed9 elementor-section-boxed elementor-section-height-default elementor-section-height-default\" data-id=\"b5afed9\" data-element_type=\"section\">\n\t\t\t\t\t\t<div class=\"elementor-container elementor-column-gap-default\">\n\t\t\t\t\t<div class=\"elementor-column elementor-col-100 elementor-top-column elementor-element elementor-element-87abce0\" data-id=\"87abce0\" data-element_type=\"column\">\n\t\t\t<div class=\"elementor-widget-wrap elementor-element-populated\">\n\t\t\t\t\t\t\t\t<div class=\"elementor-element elementor-element-58ef35aa elementor-widget elementor-widget-heading\" data-id=\"58ef35aa\" data-element_type=\"widget\" data-widget_type=\"heading.default\">\n\t\t\t\t<div class=\"elementor-widget-container\">\n\t\t\t<h3 class=\"elementor-heading-title elementor-size-default\">V\u00e5r l\u00f8sning<\/h3>\t\t<\/div>\n\t\t\t\t<\/div>\n\t\t\t\t<div class=\"elementor-element elementor-element-7d7e385 elementor-widget elementor-widget-text-editor\" data-id=\"7d7e385\" data-element_type=\"widget\" data-widget_type=\"text-editor.default\">\n\t\t\t\t<div class=\"elementor-widget-container\">\n\t\t\t\t\t\t\t<p><strong>Rask tining er like viktig for kvaliteten p\u00e5 maten som rask innfrysning.<\/strong><\/p>\n<ul>\n<li>Tining og kj\u00f8ling av kj\u00f8tt, sj\u00f8mat og gr\u00f8nnsaker i et temperatur-kontrollert klimakabinett, med 95% relativ fuktighet. Europeisk patent 2 614 729 A1.<\/li>\n<li>Beskytt den originale ferske kvaliteten, smaken, lukten og utseende p\u00e5 matvarer.<\/li>\n<li>Unng\u00e5 misfarging og oksidering, samt celle-degradering, krystallisering og proteindenaturering som ellers for\u00e5rsakes av sakte tining og innfrysning.<\/li>\n<li>Gjenoppretter opp til 100% av original fersk vekt etter tining sammenlignet med drypptapet p\u00e5 minimum 3-5% i tradisjonelle metoder av tining.<\/li>\n<li>Eliminer behovet for dyr innpakning og vannbindende kjemikalier.<\/li>\n<li>Tilby naturlig fersk kvalitet hver dag uavhengig av sted eller sesong.<\/li>\n<\/ul>\n<p><strong>Raskere tinetid<\/strong><\/p>\n<p>&nbsp;Betydelig raskere tinetid sammenlignet med andre luft og vann systemer. Eksempel: Tynne filleter tines p\u00e5 under en time og 50kgs fiskeblokker 3-3.5 timer.<\/p>\n<p><\/p>\n<p><strong>Mindre vannforbruk<\/strong><\/p>\n<p>Oppn\u00e5 et mye lavere vannforbruk sammenlignet med bruken av vann i h\u00f8ytrykks-tinel\u00f8sninger.<\/p>\n<p><\/p>\n<p><strong>Lavt energiforbruk<\/strong><\/p>\n<p>T\u00e5ka produseres direkte fra kaldt vann uten bruk av koking og bruker bare 2-5% av den normale energiforbruket.<\/p>\n<p><\/p>\n<p><strong>Raskere nedkj\u00f8ling<\/strong><\/p>\n<p>20-30% raskere kj\u00f8ling enn lufttunneler.<\/p>\n<p><\/p>\n<p><strong><span lang=\"EN-US\">Nye design i produktserien<\/span><\/strong><\/p>\n<p>Coolnova Mini for de som ikke krever det st\u00f8rste kvantum, som restauranter og supermarkeder, og Coolnova Combi for bruk i engros og prosesseringsindustri. Ved \u00e5 kombinere to eller flere Coolnova Combi\u2019er kan \u00f8nsket kapasitet tilpasses. Forholdene som temperatur, fuktighet og styrke p\u00e5 vifter kan optimaliseres i tr\u00e5d med produktets krav. Gjennomsnittlig tinetid er 1-5 timer, avhengig av faktorer som tykkhet og struktur p\u00e5 produktet.<\/p>\n<p>Individuelle l\u00f8sninger kan skreddersys til dine n\u00e5v\u00e6rende produktlinjer.<\/p>\n<p><\/p>\n<p><em>Hvor stor plass kreves? Er det behov for ekstra grading etter hver tining?<\/em><\/p>\n<p>Sp\u00f8rsm\u00e5l som hvor mye plass kreves, om det er behov for ekstra gradering etter tining, og mye mer kan leses i v\u00e5rt nedlastbare <strong><a href=\"https:\/\/coolnova.no\/wp-content\/uploads\/2021\/05\/flow-diagram.pdf\">Flow-diagram<\/a><\/strong>.&nbsp;<\/p>\t\t\t\t\t\t<\/div>\n\t\t\t\t<\/div>\n\t\t\t\t\t<\/div>\n\t\t<\/div>\n\t\t\t\t\t\t\t<\/div>\n\t\t<\/section>\n\t\t\t\t<section class=\"elementor-section elementor-top-section elementor-element elementor-element-16d4f0e elementor-section-boxed elementor-section-height-default elementor-section-height-default\" data-id=\"16d4f0e\" data-element_type=\"section\" id=\"downloads\">\n\t\t\t\t\t\t<div class=\"elementor-container elementor-column-gap-default\">\n\t\t\t\t\t<div class=\"elementor-column elementor-col-50 elementor-top-column elementor-element elementor-element-382ab8a\" data-id=\"382ab8a\" data-element_type=\"column\">\n\t\t\t<div class=\"elementor-widget-wrap elementor-element-populated\">\n\t\t\t\t\t\t\t\t<div class=\"elementor-element elementor-element-21ab643 elementor-widget elementor-widget-text-editor\" data-id=\"21ab643\" data-element_type=\"widget\" data-widget_type=\"text-editor.default\">\n\t\t\t\t<div class=\"elementor-widget-container\">\n\t\t\t\t\t\t\t<p><strong>Nedlastning:<\/strong><\/p><p><strong><a href=\"https:\/\/coolnova.no\/wp-content\/uploads\/2021\/05\/flow-diagram-1.pdf\">Flow-diagram<\/a><\/strong><\/p><p><strong><a href=\"https:\/\/coolnova.no\/wp-content\/uploads\/2021\/05\/Scientific-statements-2.pdf\">Vitenskapelige argumenter<\/a><\/strong><\/p><p><strong><a href=\"https:\/\/coolnova.no\/wp-content\/uploads\/2023\/09\/combi-product-sheet.pdf\">Produktoversikt COMBI<\/a><\/strong><\/p><p><strong><a href=\"https:\/\/coolnova.no\/wp-content\/uploads\/2024\/01\/Coolnova-MINI-Product-sheet-EU.pdf\">Produktoversikt MINI<\/a><\/strong><\/p>\t\t\t\t\t\t<\/div>\n\t\t\t\t<\/div>\n\t\t\t\t\t<\/div>\n\t\t<\/div>\n\t\t\t\t<div class=\"elementor-column elementor-col-50 elementor-top-column elementor-element elementor-element-02838e5\" data-id=\"02838e5\" data-element_type=\"column\">\n\t\t\t<div class=\"elementor-widget-wrap\">\n\t\t\t\t\t\t\t\t\t<\/div>\n\t\t<\/div>\n\t\t\t\t\t\t\t<\/div>\n\t\t<\/section>\n\t\t\t\t\t\t\t<\/div>","protected":false},"excerpt":{"rendered":"<p>OUR REFRESHING CABINET Fast thawing is just as important for food quality as quick freezing. Thawing and cooling of meat, seafood and vegetables in a temperature-controlled climate cabinet in a 95% relative humidity. European patent 2 614 729 A1. Protects the original fresh quality, taste, smell and appearance of foods. Prevent discoloration and oxidation, as &hellip;<\/p>\n<p class=\"read-more\"> <a class=\"\" href=\"https:\/\/coolnova.no\/no\/about-technology\/\"> <span class=\"screen-reader-text\">Om teknologi<\/span> Read More &raquo;<\/a><\/p>","protected":false},"author":1,"featured_media":0,"parent":0,"menu_order":0,"comment_status":"closed","ping_status":"closed","template":"","meta":{"site-sidebar-layout":"no-sidebar","site-content-layout":"page-builder","ast-global-header-display":"","ast-main-header-display":"","ast-hfb-above-header-display":"","ast-hfb-below-header-display":"","ast-hfb-mobile-header-display":"","site-post-title":"disabled","ast-breadcrumbs-content":"","ast-featured-img":"disabled","footer-sml-layout":"","theme-transparent-header-meta":"default","adv-header-id-meta":"","stick-header-meta":"","header-above-stick-meta":"","header-main-stick-meta":"","header-below-stick-meta":"","footnotes":""},"class_list":["post-4581","page","type-page","status-publish","hentry"],"_links":{"self":[{"href":"https:\/\/coolnova.no\/no\/wp-json\/wp\/v2\/pages\/4581","targetHints":{"allow":["GET"]}}],"collection":[{"href":"https:\/\/coolnova.no\/no\/wp-json\/wp\/v2\/pages"}],"about":[{"href":"https:\/\/coolnova.no\/no\/wp-json\/wp\/v2\/types\/page"}],"author":[{"embeddable":true,"href":"https:\/\/coolnova.no\/no\/wp-json\/wp\/v2\/users\/1"}],"replies":[{"embeddable":true,"href":"https:\/\/coolnova.no\/no\/wp-json\/wp\/v2\/comments?post=4581"}],"version-history":[{"count":123,"href":"https:\/\/coolnova.no\/no\/wp-json\/wp\/v2\/pages\/4581\/revisions"}],"predecessor-version":[{"id":5413,"href":"https:\/\/coolnova.no\/no\/wp-json\/wp\/v2\/pages\/4581\/revisions\/5413"}],"wp:attachment":[{"href":"https:\/\/coolnova.no\/no\/wp-json\/wp\/v2\/media?parent=4581"}],"curies":[{"name":"wp","href":"https:\/\/api.w.org\/{rel}","templated":true}]}}